{"id":1351,"date":"2024-08-20T09:19:20","date_gmt":"2024-08-20T07:19:20","guid":{"rendered":"https:\/\/hotelvalldenuria.cat\/politique-en-matiere-de-cookies\/"},"modified":"2024-08-27T12:04:16","modified_gmt":"2024-08-27T10:04:16","slug":"politique-en-matiere-de-cookies","status":"publish","type":"page","link":"https:\/\/hotelvalldenuria.cat\/fr\/politique-en-matiere-de-cookies\/","title":{"rendered":"Politique en mati\u00e8re de cookies"},"content":{"rendered":"<div class=\"cookie-policy-p\">  La pr\u00e9sente politique en mati\u00e8re de cookies explique ce que sont les cookies et comment nous les utilisons, les types de cookies que nous utilisons, c&rsquo;est-\u00e0-dire les informations que nous recueillons \u00e0 l&rsquo;aide des cookies et la mani\u00e8re dont ces informations sont utilis\u00e9es, ainsi que la mani\u00e8re de g\u00e9rer vos param\u00e8tres en mati\u00e8re de cookies.<br \/>\nLes cookies sont de petits fichiers texte utilis\u00e9s pour stocker de petits \u00e9l\u00e9ments d&rsquo;information.<br \/>\nIls sont stock\u00e9s sur votre appareil lorsque le site web se charge dans votre navigateur.<br \/>\nCes cookies nous aident \u00e0 faire fonctionner le site web correctement, \u00e0 le rendre plus s\u00fbr, \u00e0 offrir une meilleure exp\u00e9rience \u00e0 l&rsquo;utilisateur et \u00e0 comprendre le fonctionnement du site web et \u00e0 analyser ce qui fonctionne et ce qui doit \u00eatre am\u00e9lior\u00e9.     <\/div>\n<p>&nbsp;<\/p>\n<h5>Comment utilisons-nous les cookies ?<\/h5>\n<div class=\"cookie-policy-p\">  Comme la plupart des services en ligne, notre site web utilise des cookies de premi\u00e8re partie et de tierce partie \u00e0 des fins diverses.<br \/>\nLes cookies de premi\u00e8re partie sont essentiellement n\u00e9cessaires au bon fonctionnement du site web et ne recueillent aucune information permettant de vous identifier personnellement.<br \/>\nLes cookies tiers utilis\u00e9s sur notre site web servent principalement \u00e0 comprendre comment le site web fonctionne, comment vous interagissez avec lui, \u00e0 maintenir la s\u00e9curit\u00e9 de nos services, \u00e0 fournir des publicit\u00e9s pertinentes pour vous et, en fin de compte, \u00e0 vous offrir une meilleure exp\u00e9rience utilisateur et \u00e0 acc\u00e9l\u00e9rer vos interactions futures avec notre site web.    <\/div>\n<p>&nbsp;<\/p>\n<h5>Type de cookies que nous utilisons<\/h5>\n<div class=\"cky-audit-table-element\"><\/div>\n<h5><strong>Destinataires de vos donn\u00e9es<\/strong><\/h5>\n<p>  Si vous consentez \u00e0 l&rsquo;installation de cookies dans le message qui s&rsquo;affiche lorsque vous visitez le site pour la premi\u00e8re fois, vos donn\u00e9es seront trait\u00e9es par Google dans le but d&rsquo;am\u00e9liorer son contenu et de le proposer gratuitement.<br \/>\nVous trouverez plus de d\u00e9tails sur le lien suivant   <a href=\"https:\/\/policies.google.com\/technologies\/partner-sites\">https:\/\/policies.google.com\/technologies\/partner-sites<\/a><\/p>\n<h5 style=\"margin-bottom: 20px;\">G\u00e9rer les pr\u00e9f\u00e9rences<\/h5>\n<p><a class=\"cky-banner-element\">Pr\u00e9f\u00e9rences en mati\u00e8re de cookies<\/a><\/p>\n<div>  Vous pouvez modifier vos pr\u00e9f\u00e9rences en mati\u00e8re de cookies \u00e0 tout moment en cliquant sur le bouton ci-dessus.<br \/>\nCela vous permettra de revenir sur la banni\u00e8re de consentement aux cookies et de modifier vos pr\u00e9f\u00e9rences ou de retirer votre consentement imm\u00e9diatement.<br \/>\nEn outre, les navigateurs offrent diff\u00e9rentes m\u00e9thodes pour bloquer et supprimer les cookies utilis\u00e9s par les sites web.<br \/>\nVous pouvez modifier les param\u00e8tres de votre navigateur pour bloquer ou supprimer les cookies.<br \/>\nVous trouverez ci-dessous des liens vers des documents d&rsquo;assistance sur la gestion et la suppression des cookies dans les principaux navigateurs web.<br \/>\nChrome <a href=\"https:\/\/support.google.com\/accounts\/answer\/32050\" target=\"_blank\" rel=\"noopener noreferrer\">: https:\/\/support.google.com\/accounts\/answer\/32050<\/a> Safari <a href=\"https:\/\/support.apple.com\/en-in\/guide\/safari\/sfri11471\/mac\" target=\"_blank\" rel=\"noopener noreferrer\">: https:\/\/support.apple.com\/en-in\/guide\/safari\/sfri11471\/mac<\/a> Firefox <a href=\"https:\/\/support.mozilla.org\/en-US\/kb\/clear-cookies-and-site-data-firefox?redirectslug=delete-cookies-remove-info-websites-stored&amp;redirectlocale=en-US\" target=\"_blank\" rel=\"noopener noreferrer\">: https:\/\/support.mozilla.org\/en-US\/kb\/clear-cookies-and-site-data-firefox?redirectslug=delete-cookies-remove-info-websites-stored&amp;redirectlocale=en-US<\/a> Internet Explorer <a href=\"https:\/\/support.microsoft.com\/en-us\/topic\/how-to-delete-cookie-files-in-internet-explorer-bca9446f-d873-78de-77ba-d42645fa52fc\" target=\"_blank\" rel=\"noopener noreferrer\">: https:\/\/support.microsoft.com\/en-us\/topic\/how-to-delete-cookie-files-in-internet-explorer-bca9446f-d873-78de-77ba-d42645fa52fc<\/a> Si vous utilisez un autre navigateur, veuillez consulter la documentation officielle de votre navigateur.       <\/div>\n","protected":false},"excerpt":{"rendered":"<p>La pr\u00e9sente politique en mati\u00e8re de cookies explique ce que sont les cookies et comment nous les utilisons, les types de cookies que nous utilisons, c&rsquo;est-\u00e0-dire les informations que nous recueillons \u00e0 l&rsquo;aide des cookies et la mani\u00e8re dont ces informations sont utilis\u00e9es, ainsi que la mani\u00e8re de g\u00e9rer vos param\u00e8tres en mati\u00e8re de cookies&#8230;.<\/p>\n","protected":false},"author":1,"featured_media":0,"parent":0,"menu_order":0,"comment_status":"closed","ping_status":"closed","template":"","meta":{"footnotes":""},"class_list":["post-1351","page","type-page","status-publish","hentry"],"yoast_head":"<!-- This site is optimized with the Yoast SEO plugin v27.2 - https:\/\/yoast.com\/product\/yoast-seo-wordpress\/ -->\n<title>Politique en mati\u00e8re de cookies - Hotel Vall de N\u00faria<\/title>\n<meta name=\"robots\" content=\"index, follow, max-snippet:-1, max-image-preview:large, max-video-preview:-1\" \/>\n<link rel=\"canonical\" href=\"https:\/\/hotelvalldenuria.cat\/fr\/politique-en-matiere-de-cookies\/\" \/>\n<meta property=\"og:locale\" content=\"fr_FR\" \/>\n<meta property=\"og:type\" content=\"article\" \/>\n<meta property=\"og:title\" content=\"Politique en mati\u00e8re de cookies - Hotel Vall de N\u00faria\" \/>\n<meta property=\"og:description\" content=\"La pr\u00e9sente politique en mati\u00e8re de cookies explique ce que sont les cookies et comment nous les utilisons, les types de cookies que nous utilisons, c&rsquo;est-\u00e0-dire les informations que nous recueillons \u00e0 l&rsquo;aide des cookies et la mani\u00e8re dont ces informations sont utilis\u00e9es, ainsi que la mani\u00e8re de g\u00e9rer vos param\u00e8tres en mati\u00e8re de cookies....\" \/>\n<meta property=\"og:url\" content=\"https:\/\/hotelvalldenuria.cat\/fr\/politique-en-matiere-de-cookies\/\" \/>\n<meta property=\"og:site_name\" content=\"Hotel Vall de N\u00faria\" \/>\n<meta property=\"article:modified_time\" content=\"2024-08-27T10:04:16+00:00\" \/>\n<meta name=\"twitter:card\" content=\"summary_large_image\" \/>\n<meta name=\"twitter:label1\" content=\"Dur\u00e9e de lecture estim\u00e9e\" \/>\n\t<meta name=\"twitter:data1\" content=\"2 minutes\" \/>\n<script type=\"application\/ld+json\" class=\"yoast-schema-graph\">{\"@context\":\"https:\/\/schema.org\",\"@graph\":[{\"@type\":\"WebPage\",\"@id\":\"https:\/\/hotelvalldenuria.cat\/fr\/politique-en-matiere-de-cookies\/\",\"url\":\"https:\/\/hotelvalldenuria.cat\/fr\/politique-en-matiere-de-cookies\/\",\"name\":\"Politique en mati\u00e8re de cookies - Hotel Vall de N\u00faria\",\"isPartOf\":{\"@id\":\"https:\/\/hotelvalldenuria.cat\/fr\/#website\"},\"datePublished\":\"2024-08-20T07:19:20+00:00\",\"dateModified\":\"2024-08-27T10:04:16+00:00\",\"breadcrumb\":{\"@id\":\"https:\/\/hotelvalldenuria.cat\/fr\/politique-en-matiere-de-cookies\/#breadcrumb\"},\"inLanguage\":\"fr-FR\",\"potentialAction\":[{\"@type\":\"ReadAction\",\"target\":[\"https:\/\/hotelvalldenuria.cat\/fr\/politique-en-matiere-de-cookies\/\"]}]},{\"@type\":\"BreadcrumbList\",\"@id\":\"https:\/\/hotelvalldenuria.cat\/fr\/politique-en-matiere-de-cookies\/#breadcrumb\",\"itemListElement\":[{\"@type\":\"ListItem\",\"position\":1,\"name\":\"Portada\",\"item\":\"https:\/\/hotelvalldenuria.cat\/fr\/\"},{\"@type\":\"ListItem\",\"position\":2,\"name\":\"Politique en mati\u00e8re de cookies\"}]},{\"@type\":\"WebSite\",\"@id\":\"https:\/\/hotelvalldenuria.cat\/fr\/#website\",\"url\":\"https:\/\/hotelvalldenuria.cat\/fr\/\",\"name\":\"Hotel Vall de Nuria\",\"description\":\"\",\"publisher\":{\"@id\":\"https:\/\/hotelvalldenuria.cat\/fr\/#organization\"},\"potentialAction\":[{\"@type\":\"SearchAction\",\"target\":{\"@type\":\"EntryPoint\",\"urlTemplate\":\"https:\/\/hotelvalldenuria.cat\/fr\/?s={search_term_string}\"},\"query-input\":{\"@type\":\"PropertyValueSpecification\",\"valueRequired\":true,\"valueName\":\"search_term_string\"}}],\"inLanguage\":\"fr-FR\"},{\"@type\":\"Organization\",\"@id\":\"https:\/\/hotelvalldenuria.cat\/fr\/#organization\",\"name\":\"Hotel Vall de Nuria\",\"url\":\"https:\/\/hotelvalldenuria.cat\/fr\/\",\"logo\":{\"@type\":\"ImageObject\",\"inLanguage\":\"fr-FR\",\"@id\":\"https:\/\/hotelvalldenuria.cat\/fr\/#\/schema\/logo\/image\/\",\"url\":\"https:\/\/hotelvalldenuria.cat\/wp-content\/uploads\/2024\/07\/logo-val-nuria.png\",\"contentUrl\":\"https:\/\/hotelvalldenuria.cat\/wp-content\/uploads\/2024\/07\/logo-val-nuria.png\",\"width\":400,\"height\":138,\"caption\":\"Hotel Vall de Nuria\"},\"image\":{\"@id\":\"https:\/\/hotelvalldenuria.cat\/fr\/#\/schema\/logo\/image\/\"}}]}<\/script>\n<!-- \/ Yoast SEO plugin. -->","yoast_head_json":{"title":"Politique en mati\u00e8re de cookies - Hotel Vall de N\u00faria","robots":{"index":"index","follow":"follow","max-snippet":"max-snippet:-1","max-image-preview":"max-image-preview:large","max-video-preview":"max-video-preview:-1"},"canonical":"https:\/\/hotelvalldenuria.cat\/fr\/politique-en-matiere-de-cookies\/","og_locale":"fr_FR","og_type":"article","og_title":"Politique en mati\u00e8re de cookies - Hotel Vall de N\u00faria","og_description":"La pr\u00e9sente politique en mati\u00e8re de cookies explique ce que sont les cookies et comment nous les utilisons, les types de cookies que nous utilisons, c&rsquo;est-\u00e0-dire les informations que nous recueillons \u00e0 l&rsquo;aide des cookies et la mani\u00e8re dont ces informations sont utilis\u00e9es, ainsi que la mani\u00e8re de g\u00e9rer vos param\u00e8tres en mati\u00e8re de cookies....","og_url":"https:\/\/hotelvalldenuria.cat\/fr\/politique-en-matiere-de-cookies\/","og_site_name":"Hotel Vall de N\u00faria","article_modified_time":"2024-08-27T10:04:16+00:00","twitter_card":"summary_large_image","twitter_misc":{"Dur\u00e9e de lecture estim\u00e9e":"2 minutes"},"schema":{"@context":"https:\/\/schema.org","@graph":[{"@type":"WebPage","@id":"https:\/\/hotelvalldenuria.cat\/fr\/politique-en-matiere-de-cookies\/","url":"https:\/\/hotelvalldenuria.cat\/fr\/politique-en-matiere-de-cookies\/","name":"Politique en mati\u00e8re de cookies - Hotel Vall de N\u00faria","isPartOf":{"@id":"https:\/\/hotelvalldenuria.cat\/fr\/#website"},"datePublished":"2024-08-20T07:19:20+00:00","dateModified":"2024-08-27T10:04:16+00:00","breadcrumb":{"@id":"https:\/\/hotelvalldenuria.cat\/fr\/politique-en-matiere-de-cookies\/#breadcrumb"},"inLanguage":"fr-FR","potentialAction":[{"@type":"ReadAction","target":["https:\/\/hotelvalldenuria.cat\/fr\/politique-en-matiere-de-cookies\/"]}]},{"@type":"BreadcrumbList","@id":"https:\/\/hotelvalldenuria.cat\/fr\/politique-en-matiere-de-cookies\/#breadcrumb","itemListElement":[{"@type":"ListItem","position":1,"name":"Portada","item":"https:\/\/hotelvalldenuria.cat\/fr\/"},{"@type":"ListItem","position":2,"name":"Politique en mati\u00e8re de cookies"}]},{"@type":"WebSite","@id":"https:\/\/hotelvalldenuria.cat\/fr\/#website","url":"https:\/\/hotelvalldenuria.cat\/fr\/","name":"Hotel Vall de Nuria","description":"","publisher":{"@id":"https:\/\/hotelvalldenuria.cat\/fr\/#organization"},"potentialAction":[{"@type":"SearchAction","target":{"@type":"EntryPoint","urlTemplate":"https:\/\/hotelvalldenuria.cat\/fr\/?s={search_term_string}"},"query-input":{"@type":"PropertyValueSpecification","valueRequired":true,"valueName":"search_term_string"}}],"inLanguage":"fr-FR"},{"@type":"Organization","@id":"https:\/\/hotelvalldenuria.cat\/fr\/#organization","name":"Hotel Vall de Nuria","url":"https:\/\/hotelvalldenuria.cat\/fr\/","logo":{"@type":"ImageObject","inLanguage":"fr-FR","@id":"https:\/\/hotelvalldenuria.cat\/fr\/#\/schema\/logo\/image\/","url":"https:\/\/hotelvalldenuria.cat\/wp-content\/uploads\/2024\/07\/logo-val-nuria.png","contentUrl":"https:\/\/hotelvalldenuria.cat\/wp-content\/uploads\/2024\/07\/logo-val-nuria.png","width":400,"height":138,"caption":"Hotel Vall de Nuria"},"image":{"@id":"https:\/\/hotelvalldenuria.cat\/fr\/#\/schema\/logo\/image\/"}}]}},"_links":{"self":[{"href":"https:\/\/hotelvalldenuria.cat\/fr\/wp-json\/wp\/v2\/pages\/1351","targetHints":{"allow":["GET"]}}],"collection":[{"href":"https:\/\/hotelvalldenuria.cat\/fr\/wp-json\/wp\/v2\/pages"}],"about":[{"href":"https:\/\/hotelvalldenuria.cat\/fr\/wp-json\/wp\/v2\/types\/page"}],"author":[{"embeddable":true,"href":"https:\/\/hotelvalldenuria.cat\/fr\/wp-json\/wp\/v2\/users\/1"}],"replies":[{"embeddable":true,"href":"https:\/\/hotelvalldenuria.cat\/fr\/wp-json\/wp\/v2\/comments?post=1351"}],"version-history":[{"count":1,"href":"https:\/\/hotelvalldenuria.cat\/fr\/wp-json\/wp\/v2\/pages\/1351\/revisions"}],"predecessor-version":[{"id":1857,"href":"https:\/\/hotelvalldenuria.cat\/fr\/wp-json\/wp\/v2\/pages\/1351\/revisions\/1857"}],"wp:attachment":[{"href":"https:\/\/hotelvalldenuria.cat\/fr\/wp-json\/wp\/v2\/media?parent=1351"}],"curies":[{"name":"wp","href":"https:\/\/api.w.org\/{rel}","templated":true}]}}